{"id":20,"date":"2020-03-20T11:51:46","date_gmt":"2020-03-20T11:51:46","guid":{"rendered":"http:\/\/takeaway.cafe-ludwig-1.de\/?page_id=20"},"modified":"2020-03-24T11:37:16","modified_gmt":"2020-03-24T11:37:16","slug":"agb","status":"publish","type":"page","link":"https:\/\/takeaway.cafe-ludwig-1.de\/?page_id=20","title":{"rendered":"AGB"},"content":{"rendered":"<p>Allgemeine Gesch\u00e4ftsbedingungen f\u00fcr unseren Onlineshop<\/p><p>Geltungsbereich:<\/p><p>Sie k\u00f6nnen in unserem Onlineshop einkaufen wenn Sie mindestens 16 Jahre alt sind.&nbsp;<\/p><p>Bestellung:<\/p><p>Unser Angebot ist freibleibend<\/p><p>Sie k\u00f6nnen alle als \u201elieferbar\u201c gekennzeichneten Artikel durch einen Klick auf das auf das Einkaufssymbol in Ihren Warenkorb legen. Sobald Sie sich zum Kauf entschlie\u00dfen, k\u00f6nnen Sie im Warenkorb durch einen Klick auf den Button \u201eZur Kasse\u201c den Bestellvorgang starten.<\/p><p>Zum Abschluss der Bestellung klicken Sie auf den Button \u201eJetzt kaufen\u201c. Damit geben Sie ein verbindliches Angebot zum Kauf der Waren in Ihrem Warenkorb ab. Ab diesem Zeitpunkt ist eine \u00c4nderung Ihrer Bestellung nicht mehr m\u00f6glich.<\/p><p>Sie k\u00f6nnen Ihr Angebot nur dann wirksam abgeben, wenn Sie diese AGB durch Anhaken des entsprechenden K\u00e4stchens akzeptiert haben.<\/p>","protected":false},"excerpt":{"rendered":"<p>Allgemeine Gesch\u00e4ftsbedingungen f\u00fcr unseren Onlineshop Geltungsbereich: Sie k\u00f6nnen in unserem Onlineshop einkaufen wenn Sie mindestens 16 Jahre alt sind.&nbsp; Bestellung: Unser Angebot ist freibleibend Sie k\u00f6nnen alle als \u201elieferbar\u201c gekennzeichneten Artikel durch einen Klick auf das auf das Einkaufssymbol in Ihren Warenkorb legen. Sobald Sie sich zum Kauf entschlie\u00dfen, k\u00f6nnen Sie im Warenkorb durch einen [&hellip;]<\/p>\n","protected":false},"author":1,"featured_media":0,"parent":0,"menu_order":0,"comment_status":"closed","ping_status":"closed","template":"","meta":{"_et_pb_use_builder":"","_et_pb_old_content":"","_et_gb_content_width":"","footnotes":""},"_links":{"self":[{"href":"https:\/\/takeaway.cafe-ludwig-1.de\/index.php?rest_route=\/wp\/v2\/pages\/20"}],"collection":[{"href":"https:\/\/takeaway.cafe-ludwig-1.de\/index.php?rest_route=\/wp\/v2\/pages"}],"about":[{"href":"https:\/\/takeaway.cafe-ludwig-1.de\/index.php?rest_route=\/wp\/v2\/types\/page"}],"author":[{"embeddable":true,"href":"https:\/\/takeaway.cafe-ludwig-1.de\/index.php?rest_route=\/wp\/v2\/users\/1"}],"replies":[{"embeddable":true,"href":"https:\/\/takeaway.cafe-ludwig-1.de\/index.php?rest_route=%2Fwp%2Fv2%2Fcomments&post=20"}],"version-history":[{"count":1,"href":"https:\/\/takeaway.cafe-ludwig-1.de\/index.php?rest_route=\/wp\/v2\/pages\/20\/revisions"}],"predecessor-version":[{"id":150,"href":"https:\/\/takeaway.cafe-ludwig-1.de\/index.php?rest_route=\/wp\/v2\/pages\/20\/revisions\/150"}],"wp:attachment":[{"href":"https:\/\/takeaway.cafe-ludwig-1.de\/index.php?rest_route=%2Fwp%2Fv2%2Fmedia&parent=20"}],"curies":[{"name":"wp","href":"https:\/\/api.w.org\/{rel}","templated":true}]}}