{"id":19,"date":"2020-03-20T11:51:46","date_gmt":"2020-03-20T11:51:46","guid":{"rendered":"http:\/\/takeaway.cafe-ludwig-1.de\/?page_id=19"},"modified":"2020-03-24T10:48:38","modified_gmt":"2020-03-24T10:48:38","slug":"impressum","status":"publish","type":"page","link":"https:\/\/takeaway.cafe-ludwig-1.de\/?page_id=19","title":{"rendered":"Impressum"},"content":{"rendered":"<p>Impressum und Datenschutzerkl\u00e4rung<\/p><p>Karin Breuner<br>Theresienstrasse 31<br>76835 Rhodt unter Rietburg<br>Mail: info @ cafe-ludwig-1.de<br>Telefon: 0177.4919246<br>Die auf dieser Webseite enthaltenen Texte und Bilder sind urheberrechtlich gesch\u00fctzt und d\u00fcrfen ohne<br>vorherige Zustimmung des Rechteinhabers nicht verwendet werden. Alle Rechte vorbehalten.<\/p><p>Personenbezogene Daten, die im Rahmen einer allgemeinen Kontaktanfrage per E-Mail oder Kontaktformular von uns verarbeitet werden, speichern wir nur so lange, wie dies f\u00fcr die jeweilige Korrespondenz notwendig ist.<br>Bei allgemeinen Anfragen, die per E-Mail oder Kontaktformular an uns gerichtet werden, werden die entsprechenden personenbezogenen Daten nur zum Zwecke der jeweiligen Korrespondenz gespeichert. Eine dar\u00fcber hinausgehende Verarbeitung findet nicht statt.<br>Rechtsgrundlage f\u00fcr die Verarbeitung von personenbezogenen Daten im Zusammenhang mit allgemeinen Anfragen per E-Mail oder Kontaktformular verarbeitet werden, werden aufgrund einer Einwilligung verarbeitet, Artikel 6 DSGVO<\/p><p>Aufsichtsbeh\u00f6rde:&nbsp;<br>IHK Pfalz<br><a href=\"https:\/\/www.pfalz.ihk24.de\/\">HTTPS:\/\/WWW.PFALZ.IHK24.DE\/<\/a><br>HAFTUNGSHINWEISDie Inhalte dieser Webseite wurden mit gr\u00f6\u00dftm\u00f6glicher Sorgfalt erstellt. Wir \u00fcbernehmen jedoch keine Gew\u00e4hr f\u00fcr die Richtigkeit, Vollst\u00e4ndigkeit und Aktualit\u00e4t der bereitgestellten Inhalte. Die Nutzung der Inhalte der Webseite erfolgt auf eigene Gefahr des Nutzers.Haftung f\u00fcr Links:Dieser Internetauftritt enth\u00e4lt Links zu externen Webseiten Dritter, auf deren Inhalte wir keinen Einfluss haben. Deshalb kann f\u00fcr diese fremden Inhalte auch keine Gew\u00e4hr \u00fcbernommen werden. Die Inhalte fremder Seiten, auf die hier verlinkt wird, spiegeln nicht die Meinung des Webseitenbetreibers wider, sondern dienen lediglich der Information und der Darstellung von Zusammenh\u00e4ngen. F\u00fcr die Inhalte der verlinkten Seiten ist stets der jeweilige Anbieter oder Betreiber der Seiten verantwortlich. Die verlinkten Seiten wurden zum Zeitpunkt der Verlinkung auf m\u00f6gliche Rechtsverst\u00f6\u00dfe \u00fcberpr\u00fcft. Zum Zeitpunkt der Verlinkung waren rechtswidrige Inhalte nicht erkennbar. Eine permanente inhaltliche Kontrolle der verlinkten Seiten ist jedoch ohne konkrete Anhaltspunkte einer Rechtsverletzung nicht zumutbar. Bei Bekanntwerden von Rechtsverletzungen werden wir derartige Links umgehend entfernen.<br>Inhaltlich verantwortlich gem. \u00a7 55 Abs. 2 RStV.: Karin Breuner<\/p>","protected":false},"excerpt":{"rendered":"<p>Impressum und Datenschutzerkl\u00e4rung Karin BreunerTheresienstrasse 3176835 Rhodt unter RietburgMail: info @ cafe-ludwig-1.deTelefon: 0177.4919246Die auf dieser Webseite enthaltenen Texte und Bilder sind urheberrechtlich gesch\u00fctzt und d\u00fcrfen ohnevorherige Zustimmung des Rechteinhabers nicht verwendet werden. Alle Rechte vorbehalten. Personenbezogene Daten, die im Rahmen einer allgemeinen Kontaktanfrage per E-Mail oder Kontaktformular von uns verarbeitet werden, speichern wir nur so [&hellip;]<\/p>\n","protected":false},"author":1,"featured_media":0,"parent":0,"menu_order":0,"comment_status":"closed","ping_status":"closed","template":"","meta":{"_et_pb_use_builder":"","_et_pb_old_content":"","_et_gb_content_width":"","footnotes":""},"_links":{"self":[{"href":"https:\/\/takeaway.cafe-ludwig-1.de\/index.php?rest_route=\/wp\/v2\/pages\/19"}],"collection":[{"href":"https:\/\/takeaway.cafe-ludwig-1.de\/index.php?rest_route=\/wp\/v2\/pages"}],"about":[{"href":"https:\/\/takeaway.cafe-ludwig-1.de\/index.php?rest_route=\/wp\/v2\/types\/page"}],"author":[{"embeddable":true,"href":"https:\/\/takeaway.cafe-ludwig-1.de\/index.php?rest_route=\/wp\/v2\/users\/1"}],"replies":[{"embeddable":true,"href":"https:\/\/takeaway.cafe-ludwig-1.de\/index.php?rest_route=%2Fwp%2Fv2%2Fcomments&post=19"}],"version-history":[{"count":4,"href":"https:\/\/takeaway.cafe-ludwig-1.de\/index.php?rest_route=\/wp\/v2\/pages\/19\/revisions"}],"predecessor-version":[{"id":142,"href":"https:\/\/takeaway.cafe-ludwig-1.de\/index.php?rest_route=\/wp\/v2\/pages\/19\/revisions\/142"}],"wp:attachment":[{"href":"https:\/\/takeaway.cafe-ludwig-1.de\/index.php?rest_route=%2Fwp%2Fv2%2Fmedia&parent=19"}],"curies":[{"name":"wp","href":"https:\/\/api.w.org\/{rel}","templated":true}]}}